{"id":2678,"date":"2016-03-07T03:10:46","date_gmt":"2016-03-07T03:10:46","guid":{"rendered":"http:\/\/gnlexpo.com\/contact-page\/"},"modified":"2021-05-31T17:57:57","modified_gmt":"2021-05-31T14:57:57","slug":"%d8%b5%d9%81%d8%ad%d8%a9-%d8%a7%d9%84%d8%a7%d8%aa%d8%b5%d8%a7%d9%84","status":"publish","type":"page","link":"http:\/\/gnlexpo.com\/ar\/%d8%b5%d9%81%d8%ad%d8%a9-%d8%a7%d9%84%d8%a7%d8%aa%d8%b5%d8%a7%d9%84\/","title":{"rendered":"\u0635\u0641\u062d\u0629 \u0627\u0644\u0627\u062a\u0635\u0627\u0644"},"content":{"rendered":"<p>[vc_row row_space=&#8221;remove_padding&#8221;][vc_column width=&#8221;2\/3&#8243;]<div class=\"wpcf7 no-js\" id=\"wpcf7-f2862-o1\" lang=\"en-US\" dir=\"ltr\">\n<div class=\"screen-reader-response\"><p role=\"status\" aria-live=\"polite\" aria-atomic=\"true\"><\/p> <ul><\/ul><\/div>\n<form action=\"\/ar\/wp-json\/wp\/v2\/pages\/2678#wpcf7-f2862-o1\" method=\"post\" class=\"wpcf7-form init\" aria-label=\"Contact form\" novalidate=\"novalidate\" data-status=\"init\">\n<div style=\"display: none;\">\n<input type=\"hidden\" name=\"_wpcf7\" value=\"2862\" \/>\n<input type=\"hidden\" name=\"_wpcf7_version\" value=\"5.7.1\" \/>\n<input type=\"hidden\" name=\"_wpcf7_locale\" value=\"en_US\" \/>\n<input type=\"hidden\" name=\"_wpcf7_unit_tag\" value=\"wpcf7-f2862-o1\" \/>\n<input type=\"hidden\" name=\"_wpcf7_container_post\" value=\"0\" \/>\n<input type=\"hidden\" name=\"_wpcf7_posted_data_hash\" value=\"\" \/>\n<\/div>\n<div class=\"row\">\n\t<div class=\"col-sm-4 col-xs-12\">\n\t\t<p><span class=\"wpcf7-form-control-wrap\" data-name=\"your-name\"><input size=\"40\" class=\"wpcf7-form-control wpcf7-text wpcf7-validates-as-required\" aria-required=\"true\" aria-invalid=\"false\" placeholder=\"\u0627\u0633\u0645\u0643 *\" value=\"\" type=\"text\" name=\"your-name\" \/><\/span>\n\t\t<\/p>\n\t<\/div>\n\t<div class=\"col-sm-4 col-xs-12\">\n\t\t<p><span class=\"wpcf7-form-control-wrap\" data-name=\"your-email\"><input size=\"40\" class=\"wpcf7-form-control wpcf7-text wpcf7-email wpcf7-validates-as-required wpcf7-validates-as-email\" aria-required=\"true\" aria-invalid=\"false\" placeholder=\"\u0628\u0631\u064a\u062f\u0643 \u0627\u0644\u0627\u0644\u0643\u062a\u0631\u0648\u0646\u064a  *\" value=\"\" type=\"email\" name=\"your-email\" \/><\/span>\n\t\t<\/p>\n\t<\/div>\n\t<div class=\"col-sm-4 col-xs-12\">\n\t\t<p><span class=\"wpcf7-form-control-wrap\" data-name=\"your-subject\"><input size=\"40\" class=\"wpcf7-form-control wpcf7-text\" aria-invalid=\"false\" placeholder=\"\u0645\u0648\u0636\u0648\u0639\u0643\" value=\"\" type=\"text\" name=\"your-subject\" \/><\/span>\n\t\t<\/p>\n\t<\/div>\n<\/div>\n<div class=\"row\">\n\t<div class=\"col-xs-12\">\n\t\t<p><span class=\"wpcf7-form-control-wrap\" data-name=\"rows:6\"><textarea cols=\"40\" rows=\"10\" class=\"wpcf7-form-control wpcf7-textarea\" aria-invalid=\"false\" placeholder=\"\u0631\u0633\u0627\u0644\u062a\u0643\" name=\"rows:6\"><\/textarea><\/span>\n\t\t<\/p>\n\t<\/div>\n\t<div class=\"col-xs-12 action\">\n\t\t<p><input class=\"wpcf7-form-control has-spinner wpcf7-submit\" type=\"submit\" value=\"\u0631\u0633\u0627\u0644\u062a\u0643\" \/>\n\t\t<\/p>\n\t<\/div>\n<\/div><div class=\"wpcf7-response-output\" aria-hidden=\"true\"><\/div><\/form><\/div>[\/vc_column][vc_column width=&#8221;1\/3&#8243;][gva_contact_info photo=&#8221;954&#8243; address=&#8221;Address: Kemalpa\u015fa Mah. Atat\u00fcrk Bulvar\u0131 Maa\u015fallah \u0130\u015f Han\u0131 Apt. No: 20\/9 Fatih \u0130stanbul &#8211; T\u00fcrkiye&#8221; phone=&#8221;Phone: +90 (212) 659 5927 Fax: +90 (212) 659 2159&#8243; email=&#8221;info@gnlexpo.com&#8221; website=&#8221;www.gnlexpo.com&#8221;][\/vc_column][\/vc_row][vc_row row_space=&#8221;remove_padding&#8221; isfullwidth=&#8221;0&#8243;][vc_column][vc_gmaps link=&#8221;#E-8_JTNDaWZyYW1lJTIwc3JjJTNEJTIyaHR0cHMlM0ElMkYlMkZ3d3cuZ29vZ2xlLmNvbSUyRm1hcHMlMkZlbWJlZCUzRnBiJTNEJTIxMW0xNCUyMTFtOCUyMTFtMyUyMTFkOTYzNDEuMzIzODUwNTExNjUlMjEyZDI4Ljk1MzYxMiUyMTNkNDEuMDEwNjc1JTIxM20yJTIxMWkxMDI0JTIxMmk3NjglMjE0ZjEzLjElMjEzbTMlMjExbTIlMjExczB4MCUyNTNBMHhiZWNlMjY1NDlkZjFhYmZkJTIxMnpUV0hGbjJGc2JHRm9JTVN3eFo4Z1NHRnV4TEUlMjE1ZTAlMjEzbTIlMjExc2VuJTIxMnN0ciUyMTR2MTYxNDk3MDc0NjMwNiUyMTVtMiUyMTFzZW4lMjEyc3RyJTIyJTIwd2lkdGglM0QlMjI2MDAlMjIlMjBoZWlnaHQlM0QlMjI0NTAlMjIlMjBzdHlsZSUzRCUyMmJvcmRlciUzQTAlM0IlMjIlMjBhbGxvd2Z1bGxzY3JlZW4lM0QlMjIlMjIlMjBsb2FkaW5nJTNEJTIybGF6eSUyMiUzRSUzQyUyRmlmcmFtZSUzRQ==&#8221; size=&#8221;450&#8243; css=&#8221;.vc_custom_1614970754599{padding-top: 50px !important;padding-bottom: 50px !important;}&#8221;][\/vc_column][\/vc_row]<\/p>\n","protected":false},"excerpt":{"rendered":"<p>[vc_row row_space=&#8221;remove_padding&#8221;][vc_column width=&#8221;2\/3&#8243;][\/vc_column][vc_column width=&#8221;1\/3&#8243;][gva_contact_info photo=&#8221;954&#8243; address=&#8221;Address: Kemalpa\u015fa Mah. Atat\u00fcrk Bulvar\u0131 Maa\u015fallah \u0130\u015f Han\u0131 Apt. No: 20\/9 Fatih \u0130stanbul &#8211; T\u00fcrkiye&#8221; phone=&#8221;Phone: +90 (212) 659 5927 Fax: +90 (212) 659 2159&#8243; email=&#8221;info@gnlexpo.com&#8221; website=&#8221;www.gnlexpo.com&#8221;][\/vc_column][\/vc_row][vc_row row_space=&#8221;remove_padding&#8221; isfullwidth=&#8221;0&#8243;][vc_column][vc_gmaps link=&#8221;#E-8_JTNDaWZyYW1lJTIwc3JjJTNEJTIyaHR0cHMlM0ElMkYlMkZ3d3cuZ29vZ2xlLmNvbSUyRm1hcHMlMkZlbWJlZCUzRnBiJTNEJTIxMW0xNCUyMTFtOCUyMTFtMyUyMTFkOTYzNDEuMzIzODUwNTExNjUlMjEyZDI4Ljk1MzYxMiUyMTNkNDEuMDEwNjc1JTIxM20yJTIxMWkxMDI0JTIxMmk3NjglMjE0ZjEzLjElMjEzbTMlMjExbTIlMjExczB4MCUyNTNBMHhiZWNlMjY1NDlkZjFhYmZkJTIxMnpUV0hGbjJGc2JHRm9JTVN3eFo4Z1NHRnV4TEUlMjE1ZTAlMjEzbTIlMjExc2VuJTIxMnN0ciUyMTR2MTYxNDk3MDc0NjMwNiUyMTVtMiUyMTFzZW4lMjEyc3RyJTIyJTIwd2lkdGglM0QlMjI2MDAlMjIlMjBoZWlnaHQlM0QlMjI0NTAlMjIlMjBzdHlsZSUzRCUyMmJvcmRlciUzQTAlM0IlMjIlMjBhbGxvd2Z1bGxzY3JlZW4lM0QlMjIlMjIlMjBsb2FkaW5nJTNEJTIybGF6eSUyMiUzRSUzQyUyRmlmcmFtZSUzRQ==&#8221; size=&#8221;450&#8243; css=&#8221;.vc_custom_1614970754599{padding-top: 50px !important;padding-bottom: 50px !important;}&#8221;][\/vc_column][\/vc_row]<\/p>\n","protected":false},"author":1,"featured_media":0,"parent":0,"menu_order":0,"comment_status":"closed","ping_status":"closed","template":"","meta":{"footnotes":""},"class_list":["post-2678","page","type-page","status-publish","hentry"],"_links":{"self":[{"href":"http:\/\/gnlexpo.com\/ar\/wp-json\/wp\/v2\/pages\/2678","targetHints":{"allow":["GET"]}}],"collection":[{"href":"http:\/\/gnlexpo.com\/ar\/wp-json\/wp\/v2\/pages"}],"about":[{"href":"http:\/\/gnlexpo.com\/ar\/wp-json\/wp\/v2\/types\/page"}],"author":[{"embeddable":true,"href":"http:\/\/gnlexpo.com\/ar\/wp-json\/wp\/v2\/users\/1"}],"replies":[{"embeddable":true,"href":"http:\/\/gnlexpo.com\/ar\/wp-json\/wp\/v2\/comments?post=2678"}],"version-history":[{"count":4,"href":"http:\/\/gnlexpo.com\/ar\/wp-json\/wp\/v2\/pages\/2678\/revisions"}],"predecessor-version":[{"id":2863,"href":"http:\/\/gnlexpo.com\/ar\/wp-json\/wp\/v2\/pages\/2678\/revisions\/2863"}],"wp:attachment":[{"href":"http:\/\/gnlexpo.com\/ar\/wp-json\/wp\/v2\/media?parent=2678"}],"curies":[{"name":"wp","href":"https:\/\/api.w.org\/{rel}","templated":true}]}}