{"id":2680,"date":"2016-03-07T03:10:46","date_gmt":"2016-03-07T03:10:46","guid":{"rendered":"http:\/\/gnlexpo.com\/contact-page\/"},"modified":"2021-05-31T16:24:44","modified_gmt":"2021-05-31T13:24:44","slug":"k%d0%be%d0%bd%d1%82%d0%b0%d0%ba%d1%82%d1%8b","status":"publish","type":"page","link":"http:\/\/gnlexpo.com\/ru\/k%d0%be%d0%bd%d1%82%d0%b0%d0%ba%d1%82%d1%8b\/","title":{"rendered":"\u041a\u043e\u043d\u0442\u0430\u043a\u0442\u044b"},"content":{"rendered":"<p>[vc_row row_space=&#187;remove_padding&#187;][vc_column width=&#187;2\/3&#8243;]<div class=\"wpcf7 no-js\" id=\"wpcf7-f2813-o1\" lang=\"en-US\" dir=\"ltr\">\n<div class=\"screen-reader-response\"><p role=\"status\" aria-live=\"polite\" aria-atomic=\"true\"><\/p> <ul><\/ul><\/div>\n<form action=\"\/ru\/wp-json\/wp\/v2\/pages\/2680#wpcf7-f2813-o1\" method=\"post\" class=\"wpcf7-form init\" aria-label=\"Contact form\" novalidate=\"novalidate\" data-status=\"init\">\n<div style=\"display: none;\">\n<input type=\"hidden\" name=\"_wpcf7\" value=\"2813\" \/>\n<input type=\"hidden\" name=\"_wpcf7_version\" value=\"5.7.1\" \/>\n<input type=\"hidden\" name=\"_wpcf7_locale\" value=\"en_US\" \/>\n<input type=\"hidden\" name=\"_wpcf7_unit_tag\" value=\"wpcf7-f2813-o1\" \/>\n<input type=\"hidden\" name=\"_wpcf7_container_post\" value=\"0\" \/>\n<input type=\"hidden\" name=\"_wpcf7_posted_data_hash\" value=\"\" \/>\n<\/div>\n<div class=\"row\">\n\t<div class=\"col-sm-4 col-xs-12\">\n\t\t<p><span class=\"wpcf7-form-control-wrap\" data-name=\"your-name\"><input size=\"40\" class=\"wpcf7-form-control wpcf7-text wpcf7-validates-as-required\" aria-required=\"true\" aria-invalid=\"false\" placeholder=\"\u0442\u0432\u043e\u0435 \u0438\u043c\u044f  *\" value=\"\" type=\"text\" name=\"your-name\" \/><\/span>\n\t\t<\/p>\n\t<\/div>\n\t<div class=\"col-sm-4 col-xs-12\">\n\t\t<p><span class=\"wpcf7-form-control-wrap\" data-name=\"your-email\"><input size=\"40\" class=\"wpcf7-form-control wpcf7-text wpcf7-email wpcf7-validates-as-required wpcf7-validates-as-email\" aria-required=\"true\" aria-invalid=\"false\" placeholder=\"Y\u0432\u0430\u0448 \u0430\u0434\u0440\u0435\u0441 \u044d\u043b\u0435\u043a\u0442\u0440\u043e\u043d\u043d\u043e\u0439 \u043f\u043e\u0447\u0442\u044b *\" value=\"\" type=\"email\" name=\"your-email\" \/><\/span>\n\t\t<\/p>\n\t<\/div>\n\t<div class=\"col-sm-4 col-xs-12\">\n\t\t<p><span class=\"wpcf7-form-control-wrap\" data-name=\"your-subject\"><input size=\"40\" class=\"wpcf7-form-control wpcf7-text\" aria-invalid=\"false\" placeholder=\"\u0412\u0430\u0448 \u043f\u0440\u0435\u0434\u043c\u0435\u0442\" value=\"\" type=\"text\" name=\"your-subject\" \/><\/span>\n\t\t<\/p>\n\t<\/div>\n<\/div>\n<div class=\"row\">\n\t<div class=\"col-xs-12\">\n\t\t<p><span class=\"wpcf7-form-control-wrap\" data-name=\"rows:6\"><textarea cols=\"40\" rows=\"10\" class=\"wpcf7-form-control wpcf7-textarea\" aria-invalid=\"false\" placeholder=\"\u0412\u0430\u0448\u0435 \u0441\u043e\u043e\u0431\u0449\u0435\u043d\u0438\u0435\" name=\"rows:6\"><\/textarea><\/span>\n\t\t<\/p>\n\t<\/div>\n\t<div class=\"col-xs-12 action\">\n\t\t<p><input class=\"wpcf7-form-control has-spinner wpcf7-submit\" type=\"submit\" value=\"\u043f\u043e\u0441\u043b\u0430\u0442\u044c\" \/>\n\t\t<\/p>\n\t<\/div>\n<\/div><div class=\"wpcf7-response-output\" aria-hidden=\"true\"><\/div><\/form><\/div>[\/vc_column][vc_column width=&#187;1\/3&#8243;][gva_contact_info photo=&#187;954&#8243; address=&#187;Kemalpa\u015fa Mah. Atat\u00fcrk Bulvar\u0131 Maa\u015fallah \u0130\u015f Han\u0131 Apt. No: 20\/9 Fatih \u0130stanbul &#8212; T\u00fcrkiye&#187; phone=&#187;+90 (212) 659 5927 Fax: +90 (212) 659 2159&#8243; email=&#187;info@gnlexpo.com&#187; website=&#187;www.gnlexpo.com&#187;][\/vc_column][\/vc_row][vc_row row_space=&#187;remove_padding&#187; isfullwidth=&#187;0&#8243;][vc_column][vc_gmaps link=&#187;#E-8_JTNDaWZyYW1lJTIwc3JjJTNEJTIyaHR0cHMlM0ElMkYlMkZ3d3cuZ29vZ2xlLmNvbSUyRm1hcHMlMkZlbWJlZCUzRnBiJTNEJTIxMW0xNCUyMTFtOCUyMTFtMyUyMTFkOTYzNDEuMzIzODUwNTExNjUlMjEyZDI4Ljk1MzYxMiUyMTNkNDEuMDEwNjc1JTIxM20yJTIxMWkxMDI0JTIxMmk3NjglMjE0ZjEzLjElMjEzbTMlMjExbTIlMjExczB4MCUyNTNBMHhiZWNlMjY1NDlkZjFhYmZkJTIxMnpUV0hGbjJGc2JHRm9JTVN3eFo4Z1NHRnV4TEUlMjE1ZTAlMjEzbTIlMjExc2VuJTIxMnN0ciUyMTR2MTYxNDk3MDc0NjMwNiUyMTVtMiUyMTFzZW4lMjEyc3RyJTIyJTIwd2lkdGglM0QlMjI2MDAlMjIlMjBoZWlnaHQlM0QlMjI0NTAlMjIlMjBzdHlsZSUzRCUyMmJvcmRlciUzQTAlM0IlMjIlMjBhbGxvd2Z1bGxzY3JlZW4lM0QlMjIlMjIlMjBsb2FkaW5nJTNEJTIybGF6eSUyMiUzRSUzQyUyRmlmcmFtZSUzRQ==&#187; size=&#187;450&#8243; css=&#187;.vc_custom_1614970754599{padding-top: 50px !important;padding-bottom: 50px !important;}&#187;][\/vc_column][\/vc_row]<\/p>\n","protected":false},"excerpt":{"rendered":"<p>[vc_row row_space=&#187;remove_padding&#187;][vc_column width=&#187;2\/3&#8243;][\/vc_column][vc_column width=&#187;1\/3&#8243;][gva_contact_info photo=&#187;954&#8243; address=&#187;Kemalpa\u015fa Mah. Atat\u00fcrk Bulvar\u0131 Maa\u015fallah \u0130\u015f Han\u0131 Apt. No: 20\/9 Fatih \u0130stanbul &#8212; T\u00fcrkiye&#187; phone=&#187;+90 (212) 659 5927 Fax: +90 (212) 659 2159&#8243; email=&#187;info@gnlexpo.com&#187; website=&#187;www.gnlexpo.com&#187;][\/vc_column][\/vc_row][vc_row row_space=&#187;remove_padding&#187; isfullwidth=&#187;0&#8243;][vc_column][vc_gmaps link=&#187;#E-8_JTNDaWZyYW1lJTIwc3JjJTNEJTIyaHR0cHMlM0ElMkYlMkZ3d3cuZ29vZ2xlLmNvbSUyRm1hcHMlMkZlbWJlZCUzRnBiJTNEJTIxMW0xNCUyMTFtOCUyMTFtMyUyMTFkOTYzNDEuMzIzODUwNTExNjUlMjEyZDI4Ljk1MzYxMiUyMTNkNDEuMDEwNjc1JTIxM20yJTIxMWkxMDI0JTIxMmk3NjglMjE0ZjEzLjElMjEzbTMlMjExbTIlMjExczB4MCUyNTNBMHhiZWNlMjY1NDlkZjFhYmZkJTIxMnpUV0hGbjJGc2JHRm9JTVN3eFo4Z1NHRnV4TEUlMjE1ZTAlMjEzbTIlMjExc2VuJTIxMnN0ciUyMTR2MTYxNDk3MDc0NjMwNiUyMTVtMiUyMTFzZW4lMjEyc3RyJTIyJTIwd2lkdGglM0QlMjI2MDAlMjIlMjBoZWlnaHQlM0QlMjI0NTAlMjIlMjBzdHlsZSUzRCUyMmJvcmRlciUzQTAlM0IlMjIlMjBhbGxvd2Z1bGxzY3JlZW4lM0QlMjIlMjIlMjBsb2FkaW5nJTNEJTIybGF6eSUyMiUzRSUzQyUyRmlmcmFtZSUzRQ==&#187; size=&#187;450&#8243; css=&#187;.vc_custom_1614970754599{padding-top: 50px !important;padding-bottom: 50px !important;}&#187;][\/vc_column][\/vc_row]<\/p>\n","protected":false},"author":1,"featured_media":0,"parent":0,"menu_order":0,"comment_status":"closed","ping_status":"closed","template":"","meta":{"footnotes":""},"class_list":["post-2680","page","type-page","status-publish","hentry"],"_links":{"self":[{"href":"http:\/\/gnlexpo.com\/ru\/wp-json\/wp\/v2\/pages\/2680","targetHints":{"allow":["GET"]}}],"collection":[{"href":"http:\/\/gnlexpo.com\/ru\/wp-json\/wp\/v2\/pages"}],"about":[{"href":"http:\/\/gnlexpo.com\/ru\/wp-json\/wp\/v2\/types\/page"}],"author":[{"embeddable":true,"href":"http:\/\/gnlexpo.com\/ru\/wp-json\/wp\/v2\/users\/1"}],"replies":[{"embeddable":true,"href":"http:\/\/gnlexpo.com\/ru\/wp-json\/wp\/v2\/comments?post=2680"}],"version-history":[{"count":8,"href":"http:\/\/gnlexpo.com\/ru\/wp-json\/wp\/v2\/pages\/2680\/revisions"}],"predecessor-version":[{"id":2814,"href":"http:\/\/gnlexpo.com\/ru\/wp-json\/wp\/v2\/pages\/2680\/revisions\/2814"}],"wp:attachment":[{"href":"http:\/\/gnlexpo.com\/ru\/wp-json\/wp\/v2\/media?parent=2680"}],"curies":[{"name":"wp","href":"https:\/\/api.w.org\/{rel}","templated":true}]}}